{"id":2375,"date":"2022-10-23T05:17:05","date_gmt":"2022-10-23T05:17:05","guid":{"rendered":"http:\/\/gartnerhotel.hu\/?page_id=2375"},"modified":"2024-04-29T15:36:17","modified_gmt":"2024-04-29T15:36:17","slug":"imprint","status":"publish","type":"page","link":"http:\/\/gartnerhotel.hu\/hu\/imprint\/","title":{"rendered":"Impresszum"},"content":{"rendered":"<h2 class=\"wp-block-heading\" style=\"text-align: center;\">Address<\/h2>\n<div style=\"text-align: center;\">Budapest, Kert\u00e9sz u. 34, 1073<\/div>\n<div style=\"text-align: center;\">\u00a0<\/div>\n<h2 class=\"wp-block-heading\" style=\"text-align: center;\">Managed by<\/h2>\n<div style=\"text-align: center;\">\n<div><i><u>Managed by:<\/u><\/i><\/div>\n<div><i><u>NTAK regisztr\u00e1ci\u00f3s sz\u00e1m: SZ22047874<\/u><\/i><\/div>\n<div>Company name: AlshoalaHu Kft.<\/div>\n<div>Tax ID:\u00a0 27996704-2-41<\/div>\n<div>Company address: 1132 Budapest, Visegr\u00e1di utca 9. 1. em. 1.<\/div>\n<\/div>\n<h2 style=\"text-align: center;\">Contact<\/h2>\n<p style=\"text-align: center;\">\u00a0<\/p>\n<p style=\"text-align: center;\">Mobile: +36303869588<br \/>Email: info@gartnerhotel.hu<\/p>\n<div style=\"text-align: center;\">\n<p>\u00a0<\/p>\n<p>\u00a0<\/p>\n<\/div>","protected":false},"excerpt":{"rendered":"<p>Address Budapest, Kert\u00e9sz u. 34, 1073 \u00a0 Managed by Managed by: NTAK regisztr\u00e1ci\u00f3s sz\u00e1m: SZ22047874 Company name: AlshoalaHu Kft. Tax ID:\u00a0 27996704-2-41 Company address: 1132 Budapest, Visegr\u00e1di utca 9. 1. em. 1. Contact \u00a0 Mobile: +36303869588Email: info@gartnerhotel.hu \u00a0 \u00a0<\/p>","protected":false},"author":1,"featured_media":0,"parent":0,"menu_order":0,"comment_status":"closed","ping_status":"closed","template":"","meta":{"footnotes":""},"class_list":["post-2375","page","type-page","status-publish","hentry"],"_links":{"self":[{"href":"http:\/\/gartnerhotel.hu\/hu\/wp-json\/wp\/v2\/pages\/2375","targetHints":{"allow":["GET"]}}],"collection":[{"href":"http:\/\/gartnerhotel.hu\/hu\/wp-json\/wp\/v2\/pages"}],"about":[{"href":"http:\/\/gartnerhotel.hu\/hu\/wp-json\/wp\/v2\/types\/page"}],"author":[{"embeddable":true,"href":"http:\/\/gartnerhotel.hu\/hu\/wp-json\/wp\/v2\/users\/1"}],"replies":[{"embeddable":true,"href":"http:\/\/gartnerhotel.hu\/hu\/wp-json\/wp\/v2\/comments?post=2375"}],"version-history":[{"count":10,"href":"http:\/\/gartnerhotel.hu\/hu\/wp-json\/wp\/v2\/pages\/2375\/revisions"}],"predecessor-version":[{"id":2527,"href":"http:\/\/gartnerhotel.hu\/hu\/wp-json\/wp\/v2\/pages\/2375\/revisions\/2527"}],"wp:attachment":[{"href":"http:\/\/gartnerhotel.hu\/hu\/wp-json\/wp\/v2\/media?parent=2375"}],"curies":[{"name":"wp","href":"https:\/\/api.w.org\/{rel}","templated":true}]}}