{"id":2445,"date":"2022-11-05T09:22:43","date_gmt":"2022-11-05T09:22:43","guid":{"rendered":"http:\/\/gartnerhotel.hu\/?page_id=2445"},"modified":"2022-11-05T09:22:43","modified_gmt":"2022-11-05T09:22:43","slug":"room-directory-2","status":"publish","type":"page","link":"http:\/\/gartnerhotel.hu\/hu\/room-directory-2\/","title":{"rendered":"Room Directory"},"content":{"rendered":"<section class=\"wpb-content-wrapper\"><div class=\"vc_row wpb_row vc_row-fluid\"><div class=\"wpb_column vc_column_container vc_col-sm-12\"><div class=\"vc_column-inner\"><div class=\"wpb_wrapper\"><div class=\"vc_message_box vc_message_box-standard vc_message_box-rounded vc_color-info\" ><div class=\"vc_message_box-icon\"><i class=\"fas fa-info-circle\"><\/i><\/div><p class=\"s3\"><span class=\"s2\">T<\/span><span class=\"s2\">UDNIVAL\u00d3K<\/span><\/p>\n<p class=\"s6\"><span class=\"s4\"><br \/>\n<\/span><span class=\"s5\">\u00c1GYNEM\u0170 CSER\u00c9JE \u00c9S T\u00d6R\u00d6LK\u00d6Z\u0150CSERE <\/span><span class=\"s5\"><br \/>\n<\/span><span class=\"s4\">Az \u00e1gynem\u0171t <\/span><span class=\"s4\">egy hetes tart\u00f3zkod\u00e1s alatt \u00f6sszesen k\u00e9tszer<\/span><span class=\"s4\"> cser\u00e9lj\u00fck. A napi \u00e1gynem\u0171csere <\/span><span class=\"s4\">fizet\u0151s <\/span><span class=\"s4\">szolg\u00e1ltat\u00e1s<\/span><span class=\"s4\">, ennek kapcs\u00e1n \u00e9rdekl\u0151d\u00f6n<\/span><span class=\"s4\"> Koll\u00e9g\u00e1inkt\u00f3l.<\/span><\/p>\n<p class=\"s6\"><span class=\"s5\">BANK<\/span><span class=\"s5\"><br \/>\n<\/span><span class=\"s4\">A bankok \u00e1ltal\u00e1nos\u00a0nyitvatart\u00e1sa\u00a08-16 \u00f3ra h\u00e9tk\u00f6znapokon, a\u00a0nyitva tart\u00e1s\u00a0fi\u00f3konk\u00e9nt elt\u00e9rhet.<\/span><\/p>\n<p class=\"s6\"><span class=\"s5\">BANKAUTOMATA<\/span><span class=\"s4\">\u00a0<\/span><span class=\"s4\"><br \/>\n<\/span><span class=\"s4\">P\u00e9nzfelv\u00e9telkor javasoljuk, hogy bankfi\u00f3khoz tartoz\u00f3 automat\u00e1t haszn\u00e1lj, melyek a banki\u00a0nyitvatart\u00e1son\u00a0t\u00fal is el\u00e9rhet\u0151ek. A k\u00f6rnyez\u0151 \u00fczletek, b\u00e1rok, \u00e9ttermek szinte kiv\u00e9tel n\u00e9lk\u00fcl elfogadnak bankk\u00e1rty\u00e1s fizet\u00e9st.\u00a0<\/span><\/p>\n<p class=\"s6\"><span class=\"s5\">BEJELENTKEZ\u00c9S<\/span><span class=\"s4\"><br \/>\n<\/span><span class=\"s4\">A szoba garant\u00e1ltan d\u00e9lut\u00e1n 2-t\u0151l \u00e1ll rendelkez\u00e9sedre a foglal\u00e1s els\u0151 napj\u00e1n.<\/span> <span class=\"s4\"><br \/>\n<\/span><span class=\"s4\"><br \/>\n<\/span><span class=\"s4\"><br \/>\n<\/span><span class=\"s5\">BUDAPESTTEL KAPCSOLATOS INFORM\u00c1CI\u00d3K<\/span><span class=\"s5\"><br \/>\n<\/span><span class=\"s4\">Budapesttel kapcsolatos inform\u00e1ci\u00f3k megtal\u00e1lhat\u00f3ak weboldalunkon.<\/span> <span class=\"s7\"><br \/>\n<\/span><span class=\"s7\"><br \/>\n<\/span><span class=\"s5\">CIP\u0150TISZT\u00cdT\u00d3G\u00c9P, CIP\u0150\u00c1POL\u00d3 \u00c9S CIP\u0150KAN\u00c1L<\/span><span class=\"s5\"><br \/>\n<\/span><span class=\"s4\">T\u00e1j\u00e9koztatjuk, hogy <\/span><span class=\"s4\">ha <\/span><span class=\"s4\">cip\u0151\u00e1pol\u00f3<\/span><span class=\"s4\">ra<\/span><span class=\"s4\"> \u00e9s cip\u0151kan<\/span><span class=\"s4\">\u00e1lra van sz\u00fcks\u00e9ges, azt jelezze a koll\u00e9g\u00e1inknak. <\/span><span class=\"s4\">Cip\u0151tiszt\u00edt\u00f3g\u00e9p\u00fcnk a sz\u00e1lloda f\u00f6ldszintj\u00e9n tal\u00e1lhat\u00f3.<\/span><\/p>\n<p class=\"s6\"><span class=\"s5\">CSOMAGMEG\u0150RZ\u0150<\/span><span class=\"s4\"><br \/>\n<\/span><span class=\"s4\">Vend\u00e9geink ingyenesen t\u00e1rolhatj\u00e1k csomagjaikat a sz\u00e1llod<\/span><span class=\"s4\">\u00e1ban. <\/span><span class=\"s4\">A haszn\u00e1lat\u00e1hoz k\u00e9rj seg\u00edts\u00e9get <\/span><span class=\"s4\">a koll\u00e9g\u00e1nkt\u00f3l<\/span><span class=\"s4\">!<\/span><span class=\"s4\"><br \/>\n<\/span><span class=\"s4\"><br \/>\n<\/span><span class=\"s5\">CSOMAGHORD\u00c1S<\/span><span class=\"s5\"><br \/>\n<\/span><span class=\"s4\">Amennyiben seg\u00edts\u00e9gre van sz\u00fcks\u00e9ge b\u0151r\u00f6ndjeivel, k\u00e9rj\u00fck, h\u00edvjon minket. <\/span><\/p>\n<p class=\"s6\"><span class=\"s5\">DOH\u00c1NYZ\u00c1S<\/span><span class=\"s4\"><br \/>\n<\/span><span class=\"s4\">A\u00a0sz\u00e1lloda teljes ter\u00fclet\u00e9n, bele\u00e9rtve a szob\u00e1kat \u00e9s k\u00f6z\u00f6ss\u00e9gi tereket\u00a0<\/span><span class=\"s5\">a doh\u00e1nyz\u00e1s szigor\u00faan tilos<\/span><span class=\"s4\">, melyet a f\u0151bej\u00e1raton \u00e9s a szob\u00e1kban is jelz\u00fcnk. Amennyiben a szab\u00e1lyt megszeged, \u00fagy\u00a0<\/span><span class=\"s5\">50.000 forint<\/span><span class=\"s4\">\u00a0szab\u00e1lyszeg\u00e9si d\u00edjat terhel\u00fcnk a k\u00e1rty\u00e1dra, mely a doh\u00e1nyz\u00e1sb\u00f3l fakad\u00f3 k\u00e1rok megt\u00e9r\u00edt\u00e9s\u00e9re szolg\u00e1l (extra takar\u00edt\u00e1s, sz\u00e1lloda k\u00e1rtalan\u00edt\u00e1sa amennyiben a szob\u00e1t nem tudjuk 2 \u00f3ra alatt megfelel\u0151en szell\u0151ztetni a k\u00f6vetkez\u0151 vend\u00e9g\u00a0\u00e9rkez\u00e9s\u00e9ig,\u00a0stb.)\u00a0<\/span><span class=\"s4\"><br \/>\n<\/span><\/p>\n<p class=\"s6\"><span class=\"s5\">ELS\u0150SEG\u00c9LY<\/span><span class=\"s4\"><br \/>\n<\/span><span class=\"s4\">Ha els\u0151seg\u00e9lyre lenne sz\u00fcks\u00e9ged, k\u00e9rlek keress minket<\/span><span class=\"s4\">.<\/span><\/p>\n<p class=\"s6\"><span class=\"s4\"><br \/>\n<\/span><span class=\"s5\">ELEKTROMOSS\u00c1G<\/span><span class=\"s5\"><br \/>\n<\/span><span class=\"s4\">T\u00e1j\u00e9koztatjuk, hogy minden szob\u00e1nk 220\/240 Volt-os h\u00e1l\u00f3zati csatlakoz\u00e1s\u00fa. Egy\u00e9b h\u00e1l\u00f3zati \u00e1ram\u00e1talak\u00edt\u00f3k, telefont\u00f6lt\u0151k, adapterek a lobbyban \u00e1llnak rendelkez\u00e9s\u00fckre. <\/span><span class=\"s4\"><br \/>\n<\/span><span class=\"s4\"><br \/>\n<\/span><span class=\"s5\">ESERNY\u0150<\/span><span class=\"s5\"><br \/>\n<\/span><span class=\"s4\">Eserny\u0151inket a sz\u00e1lloda f\u00f6ldszintj\u00e9n tal\u00e1lhat\u00f3 tart\u00f3b\u00f3l biztos\u00edtjuk vend\u00e9geink r\u00e9sz\u00e9re.<\/span><span class=\"s4\"><br \/>\n<\/span><span class=\"s4\"><br \/>\n<\/span><span class=\"s5\">F\u00dcRD\u0150K\u00d6NT\u00d6S \u00c9S PAPUCS<\/span><span class=\"s4\"><br \/>\n<\/span><span class=\"s4\">K\u00e9r\u00e9s eset\u00e9n papucsot \u00e9s f\u00fcrd\u0151k\u00f6nt\u00f6st is biztos\u00edtunk vend\u00e9geink r\u00e9sz\u00e9re. <\/span><span class=\"s4\">Keressen minket bizalommal.<\/span><span class=\"s4\"><br \/>\n<\/span><span class=\"s4\"><br \/>\n<\/span><span class=\"s5\">F\u00dcRD\u0150SZOBAI BEK\u00c9SZ\u00cdT\u00c9SEK<\/span><span class=\"s4\"><br \/>\n<\/span><span class=\"s4\">Sz\u00fcks\u00e9g eset\u00e9n borotv\u00e1t, borotvahabot, fogkef\u00e9t, fogkr\u00e9met, dezodort \u00e9s hajzsel\u00e9t is biztos\u00edtunk vend\u00e9geink r\u00e9sz\u00e9re, k\u00e9rj\u00fck vegye fel Koll\u00e9g\u00e1inkkal a kapcsolatot. <\/span><\/p>\n<p class=\"s6\"><span class=\"s5\">HAJSZ\u00c1R\u00cdT\u00d3<\/span><span class=\"s4\"><br \/>\n<\/span><span class=\"s4\">Minden f\u00fcrd\u0151szoba alapvet\u0151 felszerel\u00e9se a hajsz\u00e1r\u00edt\u00f3, \u00edgy nem sz\u00fcks\u00e9ges,\u00a0hogy hozz magaddal saj\u00e1tot.\u00a0<\/span><\/p>\n<p class=\"s6\"><span class=\"s5\">H\u00c1ZI\u00c1LLATOK<\/span><span class=\"s4\"><br \/>\n<\/span><span class=\"s4\">Ahhoz, hogy az esetlegesen\u00a0allergi\u00e1val k\u00fczd\u0151ket is vend\u00e9g\u00fcl tudjuk l\u00e1tni \u00e9s a\u00a0lehet\u0151 legtiszt\u00e1bban tartsuk sz\u00e1llod\u00e1nkat, a kis\u00e1llatok tart\u00e1sa a sz\u00e1lloda teljes ter\u00fclet\u00e9n tilos.\u00a0<\/span><\/p>\n<p class=\"s6\"><span class=\"s5\">IV\u00d3V\u00cdZ<\/span><span class=\"s4\"><br \/>\n<\/span><span class=\"s4\">A sz\u00e1llod\u00e1ban a csapv\u00edz emberi fogyaszt\u00e1sra alkalmas. Tarts magadn\u00e1l \u00fajrat\u00f6lthet\u0151 \u00fcveget a v\u00e1rosban, \u00e9s lehet\u0151leg ker\u00fcld a felesleges m\u0171anyag haszn\u00e1latot!\u00a0<\/span><\/p>\n<p class=\"s6\"><span class=\"s5\">KARBANTART\u00c1S<\/span><span class=\"s4\"><br \/>\n<\/span><span class=\"s4\">Amennyiben meghib\u00e1sod\u00e1st tapasztalsz a sz\u00e1llod\u00e1ban, k\u00e9rlek jelezd nek\u00fcnk \u00e9s mi a lehet\u0151 leghamarabb kijav\u00edtjuk azt.\u00a0<\/span><\/p>\n<p class=\"s6\"><span class=\"s5\">K\u00c1ROKOZ\u00c1S<\/span><span class=\"s4\"><br \/>\n<\/span><span class=\"s4\">Felh\u00edvjuk figyelmed, hogy rong\u00e1l\u00e1s, k\u00e1rokoz\u00e1s eset\u00e9n a jav\u00edt\u00e1si k\u00f6lts\u00e9get a sz\u00e1lloda a foglal\u00e1skor megadott bankk\u00e1rty\u00e1dra terheli.\u00a0<\/span><span class=\"s4\"><br \/>\n<\/span><span class=\"s5\"><br \/>\n<\/span><span class=\"s4\"><br \/>\n<\/span><span class=\"s4\"><br \/>\n<\/span><span class=\"s5\">KER\u00c9KP\u00c1RK\u00d6LCS\u00d6NZ\u00c9S<\/span><span class=\"s5\"><br \/>\n<\/span><span class=\"s4\">A szolg\u00e1ltat\u00e1ssal kapcsolatos tov\u00e1bbi inform\u00e1ci\u00f3k\u00e9rt, k\u00e9rj\u00fck keresse fel Koll\u00e9g\u00e1inkat. <\/span><\/p>\n<p class=\"s6\"><span class=\"s5\">KIJELENTKEZ\u00c9S<\/span><span class=\"s4\"><br \/>\n<\/span><span class=\"s4\">Utaz\u00e1s napj\u00e1n k\u00e9r\u00fcnk, hogy d\u00e9lel\u0151tt 1<\/span><span class=\"s4\">0<\/span><span class=\"s4\"> \u00f3r\u00e1ig hagyd el a szob\u00e1t. Ha m\u00e9g egy kis <\/span><span class=\"s4\">id\u0151re van sz\u00fcks\u00e9ged 12 \u00f3r\u00e1ig maradhatsz, viszont ebben az esetben <\/span><span class=\"s4\">extra k\u00f6lts\u00e9get<\/span><span class=\"s4\"> terhel\u00fcnk a megadott k\u00e1rty\u00e1dra. <\/span><\/p>\n<p class=\"s6\"><span class=\"s5\">L\u00c9GKONDICION\u00c1L\u00c1S<\/span><span class=\"s4\"><br \/>\n<\/span><span class=\"s4\">A kl\u00edma a <\/span><span class=\"s4\">szob\u00e1b\u00f3l<\/span><span class=\"s4\"> vez\u00e9relhet\u0151\u00a0bejelentkez\u00e9s ut\u00e1n<\/span><span class=\"s4\">.<\/span><\/p>\n<p class=\"s6\"><span class=\"s5\">NAPI TAKAR\u00cdT\u00c1S<\/span><span class=\"s4\"><br \/>\n<\/span><span class=\"s4\">Szobal\u00e1nyaink minden nap 8-16 \u00f3ra k\u00f6z\u00f6tt takar\u00edtj\u00e1k a szob\u00e1kat, lehet\u0151s\u00e9g szerint az utaz\u00f3 szob\u00e1kkal kezdve a napot &#8211; emiatt lehet, hogy a Te szob\u00e1d d\u00e9lut\u00e1n ker\u00fcl sorra. Ha azonnali takar\u00edt\u00e1sra lenne sz\u00fcks\u00e9ged jelezd <\/span><span class=\"s4\">nek\u00fcnk.<\/span><\/p>\n<p class=\"s6\"><span class=\"s5\">NYOMTAT\u00c1S<\/span><span class=\"s5\"><br \/>\n<\/span><span class=\"s4\">Nyomtatni <\/span><span class=\"s4\">d\u00edj ellen\u00e9ben<\/span><span class=\"s4\"> lehet a sz\u00e1lloda lobbyj\u00e1ban. K\u00e9rd\u00e9s eset\u00e9n k\u00e9rj\u00fck forduljanak koll\u00e9g\u00e1inkhoz.<\/span><span class=\"s4\"><br \/>\n<\/span><span class=\"s4\"><br \/>\n<\/span><span class=\"s4\"><br \/>\n<\/span><span class=\"s5\">RUHATISZT\u00cdT\u00c1S, VASAL\u00c1S \u00c9S MOSAT\u00c1S<\/span><span class=\"s5\"><br \/>\n<\/span><span class=\"s4\">Mosat\u00e1si szolg\u00e1ltat\u00e1sunk ig\u00e9nybev\u00e9tel\u00e9hez, k\u00e9rj\u00fck, \u00e9rtes\u00edtse Koll\u00e9g\u00e1inkat<\/span><span class=\"s5\">.<\/span><\/p>\n<p class=\"s6\"><span class=\"s5\">ORVOSI \u00c9S FOGORVOSI ELL\u00c1T\u00c1S<\/span><span class=\"s4\"><br \/>\n<\/span><span class=\"s4\">Amennyiben sz\u00fcks\u00e9ged van orvosi vagy fogorvosi ell\u00e1t\u00e1sra, <\/span><span class=\"s4\">k\u00e9rj\u00fck, \u00e9rtes\u00edtse Koll\u00e9g\u00e1inkat<\/span><span class=\"s5\">.<\/span><\/p>\n<p class=\"s6\"><span class=\"s5\">PARKOL\u00c1S<\/span><span class=\"s4\"><br \/>\n<\/span><span class=\"s4\">Korl\u00e1tozott sz\u00e1mban tudunk parkol\u00f3helyet biztos\u00edtani vend\u00e9geink sz\u00e1m\u00e1ra saj\u00e1t parkol\u00f3nkban. Foglal\u00e1si sz\u00e1nd\u00e9kkal k\u00e9rj\u00fck, keressen minket itt-tart\u00f3zkod\u00e1sa el\u0151tt. R\u00f6videbb id\u0151re javasoljuk, hogy v\u00e1laszd az utcai parkol\u00e1st (maximum 3 \u00f3ra id\u0151tartam enged\u00e9lyezett, fizet\u00e9s az utca v\u00e9g\u00e9n tal\u00e1lhat\u00f3 automat\u00e1n\u00e1l vagy telefonnal lehets\u00e9ges). Hosszabb\u00a0id\u0151tartamra v\u00e1lassz egy k\u00f6zeli parkol\u00f3h\u00e1zat vagy nyitott parkol\u00f3 udvart, ezekr\u0151l b\u0151vebb inform\u00e1ci\u00f3t (helysz\u00ednek, \u00e1raz\u00e1s) a\u00a0<\/span><a href=\"https:\/\/www.carepark.hu\/parkolo-arak\"><span class=\"s8\">https:\/\/www.carepark.hu\/parkolo-arak<\/span><\/a><span class=\"s4\">\u00a0oldalon tal\u00e1lsz.\u00a0A sz\u00e1lloda \u00e9p\u00fclete el\u0151tt maximum 30 percig v\u00e1rakozhatsz, \u00edgy lesz id\u0151d nyugodtan kipakolni, majd k\u00e9s\u0151bb parkolni az aut\u00f3d.<\/span><span class=\"s4\"><br \/>\n<\/span><span class=\"s4\"><br \/>\n<\/span><span class=\"s5\">P\u00c1RNA V\u00c1LASZT\u00c9K<\/span><span class=\"s5\"><br \/>\n<\/span><span class=\"s4\">K\u00e9rj\u00fck<\/span><span class=\"s4\"> amennyiben extra p\u00e1rn\u00e1ra vagy<\/span> <span class=\"s4\">a takar\u00f3ra van sz\u00fcks\u00e9ge, keresse koll\u00e9g\u00e1nkat.<\/span><\/p>\n<p class=\"s6\"><span class=\"s5\">P\u00c9NZV\u00c1LT\u00c1S<\/span><span class=\"s4\"><br \/>\n<\/span><span class=\"s4\">A sz\u00e1lloda k\u00f6zel\u00e9ben t\u00f6bb helyen is van p\u00e9nzv\u00e1lt\u00f3 iroda, de az \u00e1rfolyamok elt\u00e9rhetnek. K\u00e9rlek t\u00e1j\u00e9koz\u00f3dj a napi k\u00f6z\u00e9p\u00e1rfolyamr\u00f3l, miel\u0151tt v\u00e1ltan\u00e1l!\u00a0<\/span><\/p>\n<p class=\"s6\"><span class=\"s5\">REGGELI<\/span><span class=\"s4\"><br \/>\n<\/span><span class=\"s4\">Sv\u00e9dasztalos b\u00fcf\u00e9 reggelinket minden nap reggel 7 \u00e9s 10 k\u00f6z\u00f6tt fogyaszhatj\u00e1k el a sz\u00e1lloda reggeliz\u0151j\u00e9ben. <\/span><\/p>\n<p class=\"s6\"><span class=\"s5\">REP\u00dcL\u0150T\u00c9RI TRANSZFER<\/span><span class=\"s4\"><br \/>\n<\/span><span class=\"s4\">A hotel \u00e9s a rep\u00fcl\u0151t\u00e9r k\u00f6z\u00f6tt fix \u00e1r\u00fa transzfer foglal\u00e1s\u00e1ra van lehet\u0151s\u00e9g<\/span><span class=\"s4\">. A<\/span><span class=\"s4\"> transzfer foglal\u00e1s\u00e1hoz legk\u00e9s\u0151bb az utaz\u00e1st megel\u0151z\u0151 nap\u00a0vedd\u00a0fel vel\u00fcnk a kapcsolatot!<\/span><span class=\"s4\"><br \/>\n<\/span><span class=\"s4\"><br \/>\n<\/span><span class=\"s5\">REPT\u00c9R \u00c9S J\u00c1RATINFORM\u00c1CI\u00d3K<\/span><span class=\"s5\"><br \/>\n<\/span><span class=\"s4\">Az utaz\u00e1si id\u0151 sz\u00e1llod\u00e1nk \u00e9s a Budapest Liszt Ferenc nemzetk\u00f6zi rep\u00fcl\u0151t\u00e9r k\u00f6z\u00f6tt k\u00f6r\u00fclbel\u00fcl 40 perc. K\u00e9rj\u00fck, sz\u00e1njon elegend\u0151 id\u0151t az utaz\u00e1sra, belesz\u00e1m\u00edtva a v\u00e1rosi cs\u00facsforgalmat, id\u0151j\u00e1r\u00e1si t\u00e9nyez\u0151ket, \u00fcnnepeket \u00e9s rendezv\u00e9nyeket. Koll\u00e9g\u00e1ink k\u00e9szs\u00e9ggel<\/span><span class=\"s4\"><br \/>\n<\/span><span class=\"s4\"><br \/>\n<\/span><span class=\"s5\">SZOBAI SZ\u00c9F<\/span><span class=\"s5\"><br \/>\n<\/span><span class=\"s4\">Valamennyi szob\u00e1nkban el\u00e9rhet\u0151ek szobai sz\u00e9fek. A sz\u00e1lloda nem v\u00e1llal felel\u0151ss\u00e9get a szob\u00e1kban \u00e9s a sz\u00e9fben hagyott \u00e9rt\u00e9kek\u00e9rt<\/span><span class=\"s4\">.<\/span><\/p>\n<p class=\"s6\"><span class=\"s5\">TAL\u00c1LT T\u00c1RGYAK<\/span><span class=\"s4\"><br \/>\n<\/span><span class=\"s4\">A sz\u00e1llod\u00e1ban felejtett t\u00e1rgyakat szobal\u00e1nyaink\u00a0meg\u0151rzik. A szab\u00e1lyzatunk szerint az \u00e9rt\u00e9kt\u00e1rgyakat 6 h\u00f3napig \u0151rizz\u00fck meg, majd \u00e1tadjuk a rend\u0151rs\u00e9gnek, az\u00a0egy\u00e9b, itt felejtett\u00a0t\u00e1rgyakat\u00a0pedig\u00a03 h\u00f3napig.\u00a0<\/span><\/p>\n<p class=\"s6\"><span class=\"s5\">TAXI<\/span><span class=\"s5\"><br \/>\n<\/span><span class=\"s4\">Koll\u00e9g\u00e1ink k\u00e9szs\u00e9ggel<\/span><span class=\"s4\"> seg\u00edtenek \u00d6n\u00f6knek taxi rendel\u00e9sben.<\/span><\/p>\n<p class=\"s6\"><span class=\"s5\">TELEFON<\/span><span class=\"s5\"><br \/>\n<\/span><span class=\"s4\">Amennyiben sz\u00fcks\u00e9ge van k\u00fcls\u0151 vagy bels\u0151 kommunik\u00e1ci\u00f3s eszk\u00f6zre, k\u00e9rj\u00fck vegye fel a kapcsolatot koll\u00e9g\u00e1inkka<\/span><span class=\"s4\">l.<\/span><span class=\"s4\"><br \/>\n<\/span><span class=\"s4\"><br \/>\n<\/span><span class=\"s5\">TURISTA INFORM\u00c1CI\u00d3K, SZ\u00d3RAKOZ\u00c1SI LEHET\u0150S\u00c9GEK, \u00c9TTERMEK<\/span><span class=\"s5\"><br \/>\n<\/span><span class=\"s4\">A Recepci\u00f3 inform\u00e1ci\u00f3t ny\u00fajt \u00d6nnek v\u00e1rosn\u00e9z\u00e9ssel, aut\u00f3b\u00e9rl\u00e9ssel, aktu\u00e1lis ki\u00e1ll\u00edt\u00e1sokkal, aj\u00e1nlott \u00e9ttermekkel \u00e9s b\u00e1rokkal kapcsolatban<\/span><span class=\"s4\">.<\/span> <span class=\"s4\"><br \/>\n<\/span><span class=\"s4\"><br \/>\n<\/span><span class=\"s5\">TELEV\u00cdZI\u00d3 CSATORN\u00c1K \u00c9S R\u00c1DI\u00d3<\/span><span class=\"s5\"><br \/>\n<\/span><span class=\"s4\">A r\u00e1di\u00f3 \u00e9s a telev\u00edzi\u00f3 csatorn\u00e1k r\u00e9szletes list\u00e1ja<\/span><span class=\"s4\"> a<\/span><span class=\"s4\"> szob\u00e1ban tal\u00e1lhat\u00f3<\/span><span class=\"s4\">.<\/span><span class=\"s5\"><br \/>\n<\/span><span class=\"s4\">Sz\u00e1llod\u00e1nkban okos TV-vel felszerelt szob\u00e1k vannak<\/span><span class=\"s4\">.<\/span><span class=\"s4\"><br \/>\n<\/span><span class=\"s4\"><br \/>\n<\/span><span class=\"s5\">VARR\u00d3K\u00c9SZLET<\/span><span class=\"s5\"><br \/>\n<\/span><span class=\"s4\">Varr\u00f3k\u00e9szlet<\/span><span class=\"s4\"> ig\u00e9nye kapcs\u00e1n <\/span><span class=\"s4\">k\u00e9rj\u00fck vegye fel a kapcsolatot koll\u00e9g\u00e1inkka<\/span><span class=\"s4\">l.<\/span><\/p>\n<p class=\"s6\"><span class=\"s5\">VASAL\u00d3, VASAL\u00d3DESZKA<\/span><span class=\"s4\">\u00a0<\/span><span class=\"s4\"><br \/>\n<\/span><span class=\"s4\">Ha sz\u00fcks\u00e9ge van vasal\u00f3ra \u00e9s vasal\u00f3deszk\u00e1ra, <\/span><span class=\"s4\">k\u00e9rj\u00fck vegye fel a kapcsolatot koll\u00e9g\u00e1inkka<\/span><span class=\"s4\">l.<\/span><\/p>\n<p class=\"s6\"><span class=\"s5\">V\u00c9SZKIJ\u00c1RATOK<\/span><span class=\"s4\"><br \/>\n<\/span><span class=\"s4\">Minden vend\u00e9gszoba bej\u00e1rati ajtaj\u00e1nak bels\u0151 fel\u00e9n tal\u00e1lod a menek\u00fcl\u00e9si \u00fatvonalat, amit v\u00e9szhelyzet eset\u00e9n k\u00f6vetned kell.\u00a0<\/span><\/p>\n<p class=\"s6\"><span class=\"s5\">WIFI<\/span><span class=\"s4\"><br \/>\n<\/span><span class=\"s4\">A sz\u00e1lloda eg\u00e9sz ter\u00fclet\u00e9n el\u00e9rhet\u0151 sz\u00e9less\u00e1v\u00fa wifi kapcsolat, a jelsz\u00f3t <\/span><span class=\"s4\">a liftekkel <\/span><span class=\"s4\">szembeni falon <\/span><span class=\"s4\">tal\u00e1lod.\u00a0<\/span><span class=\"s4\"><br \/>\n<\/span><span class=\"s4\"><br \/>\n<\/span><span class=\"s5\">24 \u00d3R\u00c1S RECEPCI\u00d3 \u00c9S PORTASZOLG\u00c1LAT<\/span><span class=\"s5\"><br \/>\n<\/span><span class=\"s4\">Sz\u00e1llod\u00e1nk \u00e9jjel-nappal nyitva \u00e1ll vend\u00e9geink el\u0151tt. <\/span><\/p>\n<p class=\"s6\"><span class=\"s4\"><br \/>\n<\/span><span class=\"s5\">V\u00c9SZH\u00cdV\u00d3SZ\u00c1MOK: <\/span><span class=\"s5\"><br \/>\n<\/span><span class=\"s4\">T\u0171zolt\u00f3k \u2013 105<\/span><span class=\"s4\"><br \/>\n<\/span><span class=\"s4\">Rend\u0151rs\u00e9g \u2013 107<\/span><span class=\"s4\"><br \/>\n<\/span><span class=\"s4\">Ment\u0151k \u2013 104<\/span><span class=\"s4\"><br \/>\n<\/span><span class=\"s4\">\u00c1ltal\u00e1nos seg\u00e9lyh\u00edv\u00f3 \u2013 112<\/span><\/p>\n<p class=\"s9\"><span class=\"s5\">L\u00c9PJ KAPCSOLATBA VEL\u00dcNK!<\/span><span class=\"s4\"><br \/>\n<\/span><span class=\"s4\">Maradt megv\u00e1laszolatlan k\u00e9rd\u00e9sed? Keress minket az\u00a0<\/span><span class=\"s8\">info@<\/span><span class=\"s8\">evergreen.hu<\/span><span class=\"s4\">\u00a0email c\u00edm<\/span><span class=\"s4\">en.<\/span><\/p>\n<\/div><\/div><\/div><\/div><\/div>\n<\/section>","protected":false},"excerpt":{"rendered":"TUDNIVAL\u00d3K \u00c1GYNEM\u0170 CSER\u00c9JE \u00c9S T\u00d6R\u00d6LK\u00d6Z\u0150CSERE Az \u00e1gynem\u0171t egy hetes tart\u00f3zkod\u00e1s alatt \u00f6sszesen k\u00e9tszer cser\u00e9lj\u00fck. A napi \u00e1gynem\u0171csere fizet\u0151s szolg\u00e1ltat\u00e1s, ennek kapcs\u00e1n \u00e9rdekl\u0151d\u00f6n Koll\u00e9g\u00e1inkt\u00f3l. BANK A bankok \u00e1ltal\u00e1nos\u00a0nyitvatart\u00e1sa\u00a08-16 \u00f3ra h\u00e9tk\u00f6znapokon, a\u00a0nyitva tart\u00e1s\u00a0fi\u00f3konk\u00e9nt elt\u00e9rhet. BANKAUTOMATA\u00a0 P\u00e9nzfelv\u00e9telkor javasoljuk, hogy bankfi\u00f3khoz tartoz\u00f3 automat\u00e1t haszn\u00e1lj, melyek a banki\u00a0nyitvatart\u00e1son\u00a0t\u00fal is el\u00e9rhet\u0151ek. A k\u00f6rnyez\u0151 \u00fczletek, b\u00e1rok, \u00e9ttermek szinte kiv\u00e9tel n\u00e9lk\u00fcl elfogadnak bankk\u00e1rty\u00e1s [...]","protected":false},"author":1,"featured_media":0,"parent":0,"menu_order":0,"comment_status":"closed","ping_status":"closed","template":"","meta":{"footnotes":""},"class_list":["post-2445","page","type-page","status-publish","hentry"],"_links":{"self":[{"href":"http:\/\/gartnerhotel.hu\/hu\/wp-json\/wp\/v2\/pages\/2445","targetHints":{"allow":["GET"]}}],"collection":[{"href":"http:\/\/gartnerhotel.hu\/hu\/wp-json\/wp\/v2\/pages"}],"about":[{"href":"http:\/\/gartnerhotel.hu\/hu\/wp-json\/wp\/v2\/types\/page"}],"author":[{"embeddable":true,"href":"http:\/\/gartnerhotel.hu\/hu\/wp-json\/wp\/v2\/users\/1"}],"replies":[{"embeddable":true,"href":"http:\/\/gartnerhotel.hu\/hu\/wp-json\/wp\/v2\/comments?post=2445"}],"version-history":[{"count":1,"href":"http:\/\/gartnerhotel.hu\/hu\/wp-json\/wp\/v2\/pages\/2445\/revisions"}],"predecessor-version":[{"id":2446,"href":"http:\/\/gartnerhotel.hu\/hu\/wp-json\/wp\/v2\/pages\/2445\/revisions\/2446"}],"wp:attachment":[{"href":"http:\/\/gartnerhotel.hu\/hu\/wp-json\/wp\/v2\/media?parent=2445"}],"curies":[{"name":"wp","href":"https:\/\/api.w.org\/{rel}","templated":true}]}}