{"id":2014,"date":"2019-02-21T11:36:34","date_gmt":"2019-02-21T11:36:34","guid":{"rendered":"http:\/\/demo.zantetheme.com\/?page_id=2014"},"modified":"2022-11-03T18:55:42","modified_gmt":"2022-11-03T18:55:42","slug":"rooms-list","status":"publish","type":"page","link":"https:\/\/gartnerhotel.hu\/hu\/rooms-list\/","title":{"rendered":"Szob\u00e1ink"},"content":{"rendered":"<section class=\"wpb-content-wrapper\"><div class=\"vc_row wpb_row vc_row-fluid\"><div class=\"wpb_column vc_column_container vc_col-sm-12\"><div class=\"vc_column-inner\"><div class=\"wpb_wrapper\">\t\t\t<div\r\n\t\t\t\tclass=\"main_title  text-center\">\r\n\t\t\t\t<h2 class=\"title\">Szob\u00e1ink<\/h2>\r\n\t\t\t\t\t\t\t<\/div>\r\n\t\t\r\n    \r\n        <div class=\"eb-rooms-list\">\r\n\r\n      \r\n<div id=\"eb-archive-room-1044\" class=\"room-list-item room-list-item-archive sidebar-none\">\r\n\r\n    <div class=\"eb-room-thumbnail\">\r\n                <figure class=\"gradient-overlay overlay-opacity-02 slide-right-hover\">\r\n            <a href=\"https:\/\/gartnerhotel.hu\/hu\/rooms\/quadruple-room\/\">\r\n            <img decoding=\"async\" alt=\"Quadruple room\" src=\"https:\/\/gartnerhotel.hu\/wp-content\/uploads\/2020\/05\/Gartner_Hotel-0009-min-720x470.jpg\">\r\n            <\/a>\r\n        <\/figure>\r\n            <\/div>\r\n\r\n    <div class=\"room-details\">\r\n        <h3 class=\"title\">\r\n            <a href=\"https:\/\/gartnerhotel.hu\/hu\/rooms\/quadruple-room\/\">4 \u00e1gyas szoba<\/a>\r\n        <\/h3>\r\n        <p style=\"margin-top: 20px;\">Ez a szoba 2 db (90\u00d7200) m\u00e9ret\u0171 twin \u00e1ggyal rendelkezik \u00e9s 1 db (180\u00d7200) m\u00e9ret\u0171 francia\u00e1ggyal. T\u00f6k\u00e9letes v\u00e1laszt\u00e1s csal\u00e1dok vagy bar\u00e1ti t\u00e1rsas\u00e1goknak akik Budapestre l\u00e1togatnak.<\/p>\r\n\r\n        \r\n<div class=\"room-services\">\r\n    <div class=\"dragscroll\">\r\n\r\n        <div class=\"room-service-item\" data-toggle=\"popover\" data-placement=\"top\" data-trigger=\"hover\" data-content=\"Widescreen TV Included\" data-original-title=\"Widescreen TV\">\r\n                            <i class=\"fa fa-television\"><\/i>\r\n                    <\/div>\r\n\r\n            <div class=\"room-service-item\" data-toggle=\"popover\" data-placement=\"top\" data-trigger=\"hover\" data-content=\"Hair Dryer Included\" data-original-title=\"Hair Dryer\">\r\n                            <img decoding=\"async\" src=\"http:\/\/gartnerhotel.hu\/wp-content\/uploads\/2022\/11\/hairdryer.png\" class=\"hair-dryer\" loading=\"lazy\">\r\n                    <\/div>\r\n\r\n            <div class=\"room-service-item\" data-toggle=\"popover\" data-placement=\"top\" data-trigger=\"hover\" data-content=\"Air Conditioner Included\" data-original-title=\"Air Conditioner\">\r\n                            <i class=\"fa fa-snowflake-o\"><\/i>\r\n                    <\/div>\r\n\r\n    \r\n    <\/div>\r\n<\/div>\r\n\r\n\r\n    <\/div>\r\n\r\n    <div style=\"padding: 62px 30px; text-align: center\">\r\n        <div class=\"room-price\"><span class=\"normal-price\"><strong><span class=\"price-currency\">HUF<\/span><span class=\"price-amount\">1,00<\/span><\/strong><\/span><span class=\"per-night-text\"> per night<\/span><\/div>        <a href=\"https:\/\/gartnerhotel.hu\/hu\/rooms\/quadruple-room\/\" class=\"btn eb-btn\">More Details <i class=\"fa fa fa-chevron-right\"><\/i><\/a>\r\n    <\/div>\r\n\r\n<\/div>\r\n<div id=\"eb-archive-room-935\" class=\"room-list-item room-list-item-archive sidebar-none\">\r\n\r\n    <div class=\"eb-room-thumbnail\">\r\n                <figure class=\"gradient-overlay overlay-opacity-02 slide-right-hover\">\r\n            <a href=\"https:\/\/gartnerhotel.hu\/hu\/rooms\/triple-room\/\">\r\n            <img decoding=\"async\" alt=\"Triple room\" src=\"https:\/\/gartnerhotel.hu\/wp-content\/uploads\/2020\/05\/Gartner_Hotel-1024-min-720x470.jpg\">\r\n            <\/a>\r\n        <\/figure>\r\n            <\/div>\r\n\r\n    <div class=\"room-details\">\r\n        <h3 class=\"title\">\r\n            <a href=\"https:\/\/gartnerhotel.hu\/hu\/rooms\/triple-room\/\">3 \u00e1gyas szoba<\/a>\r\n        <\/h3>\r\n        <p style=\"margin-top: 20px;\" class=\" translation-block\">H\u00e1rom\u00e1gyas szob\u00e1ink, 3 db (90*200 cm) m\u00e9ret\u0171 egy szem\u00e9lyes \u00e1ggyal rendelkeznek. L\u00e9gkond\u00edcion\u00e1lt \u00e9s zajmentes\u00edtett szob\u00e1ink t\u00f6k\u00e9letes v\u00e1laszt\u00e1s kisebb bar\u00e1ti t\u00e1rsas\u00e1goknak akik csod\u00e1s f\u0151v\u00e1rosunkba l\u00e1togatnak.<\/p>\r\n\r\n        \r\n<div class=\"room-services\">\r\n    <div class=\"dragscroll\">\r\n\r\n        <div class=\"room-service-item\" data-toggle=\"popover\" data-placement=\"top\" data-trigger=\"hover\" data-content=\"Hair Dryer Included\" data-original-title=\"Hair Dryer\">\r\n                            <img decoding=\"async\" src=\"http:\/\/gartnerhotel.hu\/wp-content\/uploads\/2022\/11\/hairdryer.png\" class=\"hair-dryer\" loading=\"lazy\">\r\n                    <\/div>\r\n\r\n            <div class=\"room-service-item\" data-toggle=\"popover\" data-placement=\"top\" data-trigger=\"hover\" data-content=\"Widescreen TV Included\" data-original-title=\"Widescreen TV\">\r\n                            <i class=\"fa fa-television\"><\/i>\r\n                    <\/div>\r\n\r\n            <div class=\"room-service-item\" data-toggle=\"popover\" data-placement=\"top\" data-trigger=\"hover\" data-content=\"Air Conditioner Included\" data-original-title=\"Air Conditioner\">\r\n                            <i class=\"fa fa-snowflake-o\"><\/i>\r\n                    <\/div>\r\n\r\n    \r\n    <\/div>\r\n<\/div>\r\n\r\n\r\n    <\/div>\r\n\r\n    <div style=\"padding: 62px 30px; text-align: center\">\r\n        <div class=\"room-price\"><span class=\"normal-price\"><strong><span class=\"price-currency\">HUF<\/span><span class=\"price-amount\">100,00<\/span><\/strong><\/span><span class=\"per-night-text\"> per night<\/span><\/div>        <a href=\"https:\/\/gartnerhotel.hu\/hu\/rooms\/triple-room\/\" class=\"btn eb-btn\">More Details <i class=\"fa fa fa-chevron-right\"><\/i><\/a>\r\n    <\/div>\r\n\r\n<\/div>\r\n<div id=\"eb-archive-room-937\" class=\"room-list-item room-list-item-archive sidebar-none\">\r\n\r\n    <div class=\"eb-room-thumbnail\">\r\n                <figure class=\"gradient-overlay overlay-opacity-02 slide-right-hover\">\r\n            <a href=\"https:\/\/gartnerhotel.hu\/hu\/rooms\/standard-twin-room\/\">\r\n            <img decoding=\"async\" alt=\"Double room\" src=\"https:\/\/gartnerhotel.hu\/wp-content\/uploads\/2020\/05\/Gartner_Hotel-0930-min-720x470.jpg\">\r\n            <\/a>\r\n        <\/figure>\r\n            <\/div>\r\n\r\n    <div class=\"room-details\">\r\n        <h3 class=\"title\">\r\n            <a href=\"https:\/\/gartnerhotel.hu\/hu\/rooms\/standard-twin-room\/\">Double room<\/a>\r\n        <\/h3>\r\n        <p style=\"margin-top: 20px;\" class=\" translation-block\">K\u00e9t\u00e1gyas szob\u00e1ink, 2 db (90*200 cm) m\u00e9ret\u0171 egy szem\u00e9lyes \u00e1ggyal rendelkeznek. L\u00e9gkond\u00edcion\u00e1lt \u00e9s zajmentes\u00edtett szob\u00e1ink t\u00f6k\u00e9letes v\u00e1laszt\u00e1s egy budapesti h\u00e9tv\u00e9g\u00e9re.<\/p>\r\n\r\n        \r\n<div class=\"room-services\">\r\n    <div class=\"dragscroll\">\r\n\r\n        <div class=\"room-service-item\" data-toggle=\"popover\" data-placement=\"top\" data-trigger=\"hover\" data-content=\"Hair Dryer Included\" data-original-title=\"Hair Dryer\">\r\n                            <img decoding=\"async\" src=\"http:\/\/gartnerhotel.hu\/wp-content\/uploads\/2022\/11\/hairdryer.png\" class=\"hair-dryer\" loading=\"lazy\">\r\n                    <\/div>\r\n\r\n            <div class=\"room-service-item\" data-toggle=\"popover\" data-placement=\"top\" data-trigger=\"hover\" data-content=\"Widescreen TV Included\" data-original-title=\"Widescreen TV\">\r\n                            <i class=\"fa fa-television\"><\/i>\r\n                    <\/div>\r\n\r\n            <div class=\"room-service-item\" data-toggle=\"popover\" data-placement=\"top\" data-trigger=\"hover\" data-content=\"Air Conditioner Included\" data-original-title=\"Air Conditioner\">\r\n                            <i class=\"fa fa-snowflake-o\"><\/i>\r\n                    <\/div>\r\n\r\n    \r\n    <\/div>\r\n<\/div>\r\n\r\n\r\n    <\/div>\r\n\r\n    <div style=\"padding: 62px 30px; text-align: center\">\r\n        <div class=\"room-price\"><span class=\"normal-price\"><strong><span class=\"price-currency\">HUF<\/span><span class=\"price-amount\">1.000,00<\/span><\/strong><\/span><span class=\"per-night-text\"> per night<\/span><\/div>        <a href=\"https:\/\/gartnerhotel.hu\/hu\/rooms\/standard-twin-room\/\" class=\"btn eb-btn\">More Details <i class=\"fa fa fa-chevron-right\"><\/i><\/a>\r\n    <\/div>\r\n\r\n<\/div>\r\n      <\/div>\r\n\r\n    <\/div><\/div><\/div><\/div><div class=\"vc_row wpb_row vc_row-fluid\"><div class=\"wpb_column vc_column_container vc_col-sm-12\"><div class=\"vc_column-inner\"><div class=\"wpb_wrapper\">\t\t\t<div\r\n\t\t\t\tclass=\"main_title  text-center\">\r\n\t\t\t\t<h2 class=\"title\">Szolg\u00e1ltat\u00e1saink<\/h2>\r\n\t\t\t\t\t\t\t<\/div>\r\n\t\t\r\n\r\n        <div class=\"room-services-list room-services-list-page\">\r\n          <div class=\"row\">\r\n            \t\t\t\t\t\t\t\t<!-- SERVICE GRID ITEM -->\r\n                <div class=\"col-lg-2\">\r\n                  <div class=\"room-services-item\">\r\n                                          <i class=\"fas fa-taxi\"><\/i>\r\n                                        Airport Pickup                  <\/div>\r\n                <\/div>\r\n\r\n            \t\t\t\t\t\t\t\t<!-- SERVICE GRID ITEM -->\r\n                <div class=\"col-lg-2\">\r\n                  <div class=\"room-services-item\">\r\n                                          <i class=\"fa fa-wifi\"><\/i>\r\n                                        Wi-Fi                  <\/div>\r\n                <\/div>\r\n\r\n            \t\t\t\t\t\t\t\t<!-- SERVICE GRID ITEM -->\r\n                <div class=\"col-lg-2\">\r\n                  <div class=\"room-services-item\">\r\n                                          <i class=\"fa fa-snowflake-o\"><\/i>\r\n                                        L\u00e9gkond\u00edcion\u00e1l\u00f3                  <\/div>\r\n                <\/div>\r\n\r\n            \t\t\t\t\t\t\t\t<!-- SERVICE GRID ITEM -->\r\n                <div class=\"col-lg-2\">\r\n                  <div class=\"room-services-item\">\r\n                                          <i class=\"fa fa-television\"><\/i>\r\n                                        Okos TV                  <\/div>\r\n                <\/div>\r\n\r\n            \t\t\t\t\t\t\t\t<!-- SERVICE GRID ITEM -->\r\n                <div class=\"col-lg-2\">\r\n                  <div class=\"room-services-item\">\r\n                                          <i class=\"fa fa-coffee\"><\/i>\r\n                                        Coffee Maker                  <\/div>\r\n                <\/div>\r\n\r\n            \t\t\t\t\t\t\t\t<!-- SERVICE GRID ITEM -->\r\n                <div class=\"col-lg-2\">\r\n                  <div class=\"room-services-item\">\r\n                                          <img decoding=\"async\" src=\"http:\/\/gartnerhotel.hu\/wp-content\/uploads\/2022\/11\/hairdryer.png\" class=\"hair-dryer\">\r\n                                        Hajsz\u00e1r\u00edt\u00f3                  <\/div>\r\n                <\/div>\r\n\r\n            \t\t\t\t\t\t\t\t<!-- SERVICE GRID ITEM -->\r\n                <div class=\"col-lg-2\">\r\n                  <div class=\"room-services-item\">\r\n                                          <i class=\"fa fa-glass\"><\/i>\r\n                                        Mini Bar                  <\/div>\r\n                <\/div>\r\n\r\n            \t\t\t\t\t\t\t\t<!-- SERVICE GRID ITEM -->\r\n                <div class=\"col-lg-2\">\r\n                  <div class=\"room-services-item\">\r\n                                          <i class=\"fas fa-broom\"><\/i>\r\n                                        Sightseeing Tour                  <\/div>\r\n                <\/div>\r\n\r\n            \t\t\t\t\t\t\t\t<!-- SERVICE GRID ITEM -->\r\n                <div class=\"col-lg-2\">\r\n                  <div class=\"room-services-item\">\r\n                                          <i class=\"fas fa-shopping-bag\"><\/i>\r\n                                        Lagguage service                  <\/div>\r\n                <\/div>\r\n\r\n            \t\t\t\t\t\t\t\t<!-- SERVICE GRID ITEM -->\r\n                <div class=\"col-lg-2\">\r\n                  <div class=\"room-services-item\">\r\n                                          <i class=\"fas fa-broom\"><\/i>\r\n                                        Daily cleaning                  <\/div>\r\n                <\/div>\r\n\r\n            \t\t\t\t\t\t\t\t<!-- SERVICE GRID ITEM -->\r\n                <div class=\"col-lg-2\">\r\n                  <div class=\"room-services-item\">\r\n                                          <i class=\"fas fa-smoking-ban\"><\/i>\r\n                                        Smoking                  <\/div>\r\n                <\/div>\r\n\r\n            \t\t\t\t\t\t\t\t<!-- SERVICE GRID ITEM -->\r\n                <div class=\"col-lg-2\">\r\n                  <div class=\"room-services-item\">\r\n                                          <i class=\"fas fa-shoe-prints\"><\/i>\r\n                                        Shoe cleaner                  <\/div>\r\n                <\/div>\r\n\r\n            \t\t\t\t\t\t\t\t<!-- SERVICE GRID ITEM -->\r\n                <div class=\"col-lg-2\">\r\n                  <div class=\"room-services-item\">\r\n                                          <i class=\"fas fa-umbrella\"><\/i>\r\n                                        Umbrella                  <\/div>\r\n                <\/div>\r\n\r\n            \t\t\t\t\t\t\t\t<!-- SERVICE GRID ITEM -->\r\n                <div class=\"col-lg-2\">\r\n                  <div class=\"room-services-item\">\r\n                                          <i class=\"fas fa-baby\"><\/i>\r\n                                        Baby bed                  <\/div>\r\n                <\/div>\r\n\r\n            \t\t\t\t\t\t\t\t<!-- SERVICE GRID ITEM -->\r\n                <div class=\"col-lg-2\">\r\n                  <div class=\"room-services-item\">\r\n                                          <img decoding=\"async\" src=\"http:\/\/gartnerhotel.hu\/wp-content\/uploads\/2022\/11\/washer.png\" class=\"laundry\">\r\n                                        Laundry                  <\/div>\r\n                <\/div>\r\n\r\n            \t\t\t\t\t\t\t\t<!-- SERVICE GRID ITEM -->\r\n                <div class=\"col-lg-2\">\r\n                  <div class=\"room-services-item\">\r\n                                          <i class=\"fas fa-print\"><\/i>\r\n                                        Printer                  <\/div>\r\n                <\/div>\r\n\r\n            \t\t\t\t\t\t\t\t<!-- SERVICE GRID ITEM -->\r\n                <div class=\"col-lg-2\">\r\n                  <div class=\"room-services-item\">\r\n                                          <i class=\"fas fa-parking\"><\/i>\r\n                                        Parking                  <\/div>\r\n                <\/div>\r\n\r\n                                <\/div>\r\n        <\/div>\r\n\r\n        <\/div><\/div><\/div><\/div>\n<\/section>","protected":false},"excerpt":{"rendered":"","protected":false},"author":1,"featured_media":0,"parent":0,"menu_order":0,"comment_status":"closed","ping_status":"closed","template":"","meta":{"footnotes":""},"class_list":["post-2014","page","type-page","status-publish","hentry"],"_links":{"self":[{"href":"https:\/\/gartnerhotel.hu\/hu\/wp-json\/wp\/v2\/pages\/2014","targetHints":{"allow":["GET"]}}],"collection":[{"href":"https:\/\/gartnerhotel.hu\/hu\/wp-json\/wp\/v2\/pages"}],"about":[{"href":"https:\/\/gartnerhotel.hu\/hu\/wp-json\/wp\/v2\/types\/page"}],"author":[{"embeddable":true,"href":"https:\/\/gartnerhotel.hu\/hu\/wp-json\/wp\/v2\/users\/1"}],"replies":[{"embeddable":true,"href":"https:\/\/gartnerhotel.hu\/hu\/wp-json\/wp\/v2\/comments?post=2014"}],"version-history":[{"count":6,"href":"https:\/\/gartnerhotel.hu\/hu\/wp-json\/wp\/v2\/pages\/2014\/revisions"}],"predecessor-version":[{"id":2399,"href":"https:\/\/gartnerhotel.hu\/hu\/wp-json\/wp\/v2\/pages\/2014\/revisions\/2399"}],"wp:attachment":[{"href":"https:\/\/gartnerhotel.hu\/hu\/wp-json\/wp\/v2\/media?parent=2014"}],"curies":[{"name":"wp","href":"https:\/\/api.w.org\/{rel}","templated":true}]}}