{"id":27,"date":"2018-02-17T13:08:27","date_gmt":"2018-02-17T13:08:27","guid":{"rendered":"http:\/\/demo.zantetheme.com\/?page_id=27"},"modified":"2024-04-29T15:33:01","modified_gmt":"2024-04-29T15:33:01","slug":"contact-us","status":"publish","type":"page","link":"https:\/\/gartnerhotel.hu\/hu\/contact-us\/","title":{"rendered":"Kapcsolat"},"content":{"rendered":"<section class=\"wpb-content-wrapper\"><div class=\"vc_row wpb_row vc_row-fluid\"><div class=\"wpb_column vc_column_container vc_col-sm-8\"><div class=\"vc_column-inner\"><div class=\"wpb_wrapper\">\n<div class=\"wpcf7 no-js\" id=\"wpcf7-f1079-o1\" lang=\"en-US\" dir=\"ltr\">\n<div class=\"screen-reader-response\"><p role=\"status\" aria-live=\"polite\" aria-atomic=\"true\"><\/p> <ul><\/ul><\/div>\n<form action=\"\/hu\/wp-json\/wp\/v2\/pages\/27#wpcf7-f1079-o1\" method=\"post\" class=\"wpcf7-form init\" aria-label=\"Contact form\" novalidate=\"novalidate\" data-status=\"init\" data-trp-original-action=\"\/hu\/wp-json\/wp\/v2\/pages\/27#wpcf7-f1079-o1\">\n<div style=\"display: none;\">\n<input type=\"hidden\" name=\"_wpcf7\" value=\"1079\" \/>\n<input type=\"hidden\" name=\"_wpcf7_version\" value=\"5.7.7\" \/>\n<input type=\"hidden\" name=\"_wpcf7_locale\" value=\"en_US\" \/>\n<input type=\"hidden\" name=\"_wpcf7_unit_tag\" value=\"wpcf7-f1079-o1\" \/>\n<input type=\"hidden\" name=\"_wpcf7_container_post\" value=\"0\" \/>\n<input type=\"hidden\" name=\"_wpcf7_posted_data_hash\" value=\"\" \/>\n<\/div>\n<div class=\"contact-page-form\">\n<div class=\"wpcf7-response-output\" aria-hidden=\"true\"><\/div>\n\t<div class=\"row\">\n\t\t<div class=\"form-group col-md-6\">\n\t\t\t<p><span class=\"wpcf7-form-control-wrap\" data-name=\"your-name\"><input size=\"40\" class=\"wpcf7-form-control wpcf7-text wpcf7-validates-as-required form-control\" aria-required=\"true\" aria-invalid=\"false\" placeholder=\"N\u00e9v\" value=\"\" type=\"text\" name=\"your-name\" \/><\/span>\n\t\t\t<\/p>\n\t\t<\/div>\n\t\t<div class=\"form-group col-md-6\">\n\t\t\t<p><span class=\"wpcf7-form-control-wrap\" data-name=\"your-phone\"><input size=\"40\" class=\"wpcf7-form-control wpcf7-text wpcf7-validates-as-required form-control\" aria-required=\"true\" aria-invalid=\"false\" placeholder=\"Telefonsz\u00e1m\" value=\"\" type=\"text\" name=\"your-phone\" \/><\/span>\n\t\t\t<\/p>\n\t\t<\/div>\n\t\t<div class=\"form-group col-md-6\">\n\t\t\t<p><span class=\"wpcf7-form-control-wrap\" data-name=\"your-email\"><input size=\"40\" class=\"wpcf7-form-control wpcf7-text wpcf7-email wpcf7-validates-as-required wpcf7-validates-as-email form-control\" aria-required=\"true\" aria-invalid=\"false\" placeholder=\"Email\" value=\"\" type=\"email\" name=\"your-email\" \/><\/span>\n\t\t\t<\/p>\n\t\t<\/div>\n\t\t<div class=\"form-group col-md-6\">\n\t\t\t<p><span class=\"wpcf7-form-control-wrap\" data-name=\"your-subject\"><input size=\"40\" class=\"wpcf7-form-control wpcf7-text form-control\" aria-invalid=\"false\" placeholder=\"T\u00e1rgy\" value=\"\" type=\"text\" name=\"your-subject\" \/><\/span>\n\t\t\t<\/p>\n\t\t<\/div>\n\t<\/div>\n\t<div class=\"form-group\">\n\t\t<p><span class=\"wpcf7-form-control-wrap\" data-name=\"your-message\"><textarea cols=\"40\" rows=\"10\" class=\"wpcf7-form-control wpcf7-textarea wpcf7-validates-as-required form-control\" aria-required=\"true\" aria-invalid=\"false\" placeholder=\"\u00dczenet\" name=\"your-message\"><\/textarea><\/span>\n\t\t<\/p>\n\t<\/div>\n\t<div class=\"form-group\">\n\t\t<p><span class=\"wpcf7-form-control-wrap\" data-name=\"terms\"><span class=\"wpcf7-form-control wpcf7-checkbox wpcf7-validates-as-required\"><span class=\"wpcf7-list-item first last\"><input type=\"checkbox\" name=\"terms[]\" value=\"Accept Terms and Conditions\" \/><span class=\"wpcf7-list-item-label\">Az \u00e1ltal\u00e1nos szerz\u0151d\u00e9si felt\u00e9teleket elfogadom<\/span><\/span><\/span><\/span>\n\t\t<\/p>\n\t<\/div>\n\t<p><input class=\"wpcf7-form-control has-spinner wpcf7-submit button btn-lg mt30\" type=\"submit\" value=\"K\u00fcldj \u00fczenetet\" \/>\n\t<\/p>\n<\/div><input type='hidden' class='wpcf7-pum' value='{\"closepopup\":false,\"closedelay\":0,\"openpopup\":false,\"openpopup_id\":0}' \/>\n<input type=\"hidden\" name=\"trp-form-language\" value=\"hu\"\/><\/form>\n<\/div>\n<\/div><\/div><\/div><div class=\"wpb_column vc_column_container vc_col-sm-4\"><div class=\"vc_column-inner\"><div class=\"wpb_wrapper\">\n\t<div class=\"wpb_raw_code wpb_content_element wpb_raw_html\" >\n\t\t<div class=\"wpb_wrapper\">\n\t\t\t<iframe src=\"https:\/\/www.google.com\/maps\/embed?pb=!1m18!1m12!1m3!1d2695.4295854427787!2d19.06466493254069!3d47.5010245587955!2m3!1f0!2f0!3f0!3m2!1i1024!2i768!4f13.1!3m3!1m2!1s0x4741dc68b0ae9af1%3A0xbf83609883514139!2sHotel%20Queen%20Mary%20Budapest!5e0!3m2!1shu!2shu!4v1666190426830!5m2!1shu!2shu\" width=\"600\" height=\"450\" style=\"border:0;\" allowfullscreen=\"\" loading=\"lazy\" referrerpolicy=\"no-referrer-when-downgrade\"><\/iframe>\n\t\t<\/div>\n\t<\/div>\n<div class=\"vc_empty_space\"   style=\"height: 30px\"><span class=\"vc_empty_space_inner\"><\/span><\/div><\/div><\/div><\/div><\/div><div class=\"vc_row wpb_row vc_row-fluid vc_custom_1666691877758\"><div class=\"wpb_column vc_column_container vc_col-sm-6\"><div class=\"vc_column-inner\"><div class=\"wpb_wrapper\">\n\t<div class=\"wpb_text_column wpb_content_element\" >\n\t\t<div class=\"wpb_wrapper\">\n\t\t\t<p>C\u00edm: H \u2013 1073 Budapest, Kert\u00e9sz utca 34.<br \/>\nPHONE: +36303869588<br \/>\nE-MAIL:\u00a0<a href=\"mailto:info@gartnerhotel.hu\" target=\"_blank\" rel=\"noopener\">info@evergreen.hu<\/a><br \/>\nGPS: N:47\u00ba30\u201903.62\u2033 E:19\u00ba03\u201958.75\u2033<br \/>\nFONTOS TUDNIVAL\u00d3<br \/>\nBejelentkez\u00e9s: 14:00<br \/>\nKijelentkez\u00e9s: 10:00<br \/>\nK\u00e9s\u0151i kijelentkez\u00e9s lehets\u00e9ges amennyiben a t\u00f6lt\u00f6tts\u00e9g engedi ez el\u0151re van k\u00e9rv\u00e9nyezve.  A k\u00e9s\u0151i kijelentkez\u00e9s 12:00 \u00f3r\u00e1ig \u00e9rv\u00e9nyes.<\/p>\n\n\t\t<\/div>\n\t<\/div>\n<\/div><\/div><\/div><div class=\"wpb_column vc_column_container vc_col-sm-6\"><div class=\"vc_column-inner\"><div class=\"wpb_wrapper\">\n\t<div class=\"wpb_text_column wpb_content_element\" >\n\t\t<div class=\"wpb_wrapper\">\n\t\t\t<p class=\" translation-block\">(VISA, MasterCard, Maestro, JCB) Fizet\u00e9s:  K\u00e9rj\u00fck vegye figyelembe, hogy sz\u00e1llod\u00e1nkban online, k\u00e9szp\u00e9nzes vagy k\u00e1rty\u00e1s fizet\u00e9s lehets\u00e9ges.\nDoh\u00e1nyz\u00e1s: Sz\u00e1llod\u00e1nkban a doh\u00e1nyz\u00e1s tilos, amennyiben a vend\u00e9g m\u00e9gis doh\u00e1nyzik, \u00fagy az \u00c1SZF-ben eml\u00edtett m\u00f3don egy takar\u00edt\u00e1si k\u00f6lts\u00e9g lesz kisz\u00e1ml\u00e1zva a vend\u00e9g fel\u00e9. \n\nMEGK\u00d6ZEL\u00cdT\u00c9S A Liszt Ferenc Nemzetk\u00f6zi Rep\u00fcl\u0151t\u00e9rr\u0151l Airport Minibus-szal vagy taxival.<\/p>\n<p class=\" translation-block\">Aut\u00f3val M1\/M7 aut\u00f3p\u00e1lya \u2192 Margit h\u00edd \u2192 Szt. Istv\u00e1n k\u00f6r\u00fat \u2192 Ter\u00e9z k\u00f6r\u00fat \u2192 Erzs\u00e9bet k\u00f6r\u00fat \u2192 Wessel\u00e9nyi utca \u2192 Kert\u00e9sz utca<\/p>\n\n\t\t<\/div>\n\t<\/div>\n<\/div><\/div><\/div><\/div>\n<\/section>","protected":false},"excerpt":{"rendered":"Accept Terms and Conditions ADDRESS: H \u2013 1073 Budapest, Kert\u00e9sz street 34. PHONE: +36303869588 E-MAIL:\u00a0info@gartnerhotel.hu GPS COORDINATES: N:47\u00ba30\u201903.62\u2033 E:19\u00ba03\u201958.75\u2033 GOOD TO KNOW Check-in: 2 p.m. Check-out: 10 a.m. Late check-out: possible of the occupancy allows it, must be requested Payments: Cash or card payment at the property (VISA, MasterCard, Maestro, JCB) Smoking: We are a [...]","protected":false},"author":1,"featured_media":0,"parent":0,"menu_order":0,"comment_status":"closed","ping_status":"closed","template":"","meta":{"footnotes":""},"class_list":["post-27","page","type-page","status-publish","hentry"],"_links":{"self":[{"href":"https:\/\/gartnerhotel.hu\/hu\/wp-json\/wp\/v2\/pages\/27","targetHints":{"allow":["GET"]}}],"collection":[{"href":"https:\/\/gartnerhotel.hu\/hu\/wp-json\/wp\/v2\/pages"}],"about":[{"href":"https:\/\/gartnerhotel.hu\/hu\/wp-json\/wp\/v2\/types\/page"}],"author":[{"embeddable":true,"href":"https:\/\/gartnerhotel.hu\/hu\/wp-json\/wp\/v2\/users\/1"}],"replies":[{"embeddable":true,"href":"https:\/\/gartnerhotel.hu\/hu\/wp-json\/wp\/v2\/comments?post=27"}],"version-history":[{"count":5,"href":"https:\/\/gartnerhotel.hu\/hu\/wp-json\/wp\/v2\/pages\/27\/revisions"}],"predecessor-version":[{"id":2522,"href":"https:\/\/gartnerhotel.hu\/hu\/wp-json\/wp\/v2\/pages\/27\/revisions\/2522"}],"wp:attachment":[{"href":"https:\/\/gartnerhotel.hu\/hu\/wp-json\/wp\/v2\/media?parent=27"}],"curies":[{"name":"wp","href":"https:\/\/api.w.org\/{rel}","templated":true}]}}