{"id":361,"date":"2018-04-02T23:53:01","date_gmt":"2018-04-02T23:53:01","guid":{"rendered":"http:\/\/demo.zantetheme.com\/?page_id=361"},"modified":"2022-11-07T21:40:15","modified_gmt":"2022-11-07T21:40:15","slug":"places","status":"publish","type":"page","link":"https:\/\/gartnerhotel.hu\/hu\/places\/","title":{"rendered":"A v\u00e1rosr\u00f3l"},"content":{"rendered":"<section class=\"wpb-content-wrapper\"><div class=\"vc_row wpb_row vc_row-fluid\"><div class=\"wpb_column vc_column_container vc_col-sm-12\"><div class=\"vc_column-inner\"><div class=\"wpb_wrapper\">\t\t\t<div\r\n\t\t\t\tclass=\"main_title  text-center\">\r\n\t\t\t\t<h2 class=\"title\">Budapestr\u0151l<\/h2>\r\n\t\t\t\t\t\t\t<\/div>\r\n\t\t<\/div><\/div><\/div><\/div><div class=\"vc_row wpb_row vc_row-fluid\"><div class=\"wpb_column vc_column_container vc_col-sm-12\"><div class=\"vc_column-inner\"><div class=\"wpb_wrapper\">\n\t<div class=\"wpb_text_column wpb_content_element\" >\n\t\t<div class=\"wpb_wrapper\">\n\t\t\t<p>Budapest Magyarorsz\u00e1g f\u0151v\u00e1rosa \u00e9s messze legn\u00e9pesebb telep\u00fcl\u00e9se, az Eur\u00f3pai Uni\u00f3 egyik legnagyobb v\u00e1rosa. Egy vezet\u0151 vil\u00e1gv\u00e1ros - kereskedelmi, p\u00e9nz\u00fcgyi, m\u0171v\u00e9szeti, divat, kutat\u00e1s-fejleszt\u00e9si, technol\u00f3giai, oktat\u00e1si \u00e9s sz\u00f3rakoztat\u00f3ipari k\u00f6zpont.<\/p>\n<p id=\"m_2904663862235574553gmail-yui_3_17_2_1_1666630434419_663\">Budapestet a legszebb eur\u00f3pai v\u00e1rosok k\u00f6z\u00f6tt eml\u00edtik. A f\u0151v\u00e1ros a fontos m\u00fazeumai mellett k\u00f6zel 80 geotermikus forr\u00e1ssal, valamint a vil\u00e1g legnagyobb term\u00e1lv\u00edz barlangrendszer\u00e9vel, a m\u00e1sodik legnagyobb zsinag\u00f3g\u00e1j\u00e1val, \u00e9s a harmadik legnagyobb parlamentj\u00e9vel is b\u00fcszk\u00e9lkedhet. Budapestet \u00e9vente 4,4 milli\u00f3 k\u00fclf\u00f6ldi turista keresi fel.<\/p>\n\n\t\t<\/div>\n\t<\/div>\n<\/div><\/div><\/div><\/div><div class=\"vc_row wpb_row vc_row-fluid\"><div class=\"wpb_column vc_column_container vc_col-sm-12\"><div class=\"vc_column-inner\"><div class=\"wpb_wrapper\">\r\n            <div class=\"row\">\r\n\t                                      <!-- places ITEM -->\r\n                      <div class=\"col-lg-6 col-sm-6\">\r\n                        <div class=\"place-item\">\r\n                        <figure class=\"gradient-overlay zoom-hover\">\r\n                          <a href=\"https:\/\/gartnerhotel.hu\/hu\/places\/margaret-island\/\">\r\n                            <img decoding=\"async\" src=\"https:\/\/gartnerhotel.hu\/wp-content\/uploads\/2018\/04\/debd15aeff4302f4f4fc420ae665c956.exact1980w-720x300.jpg\" class=\"img-responsive\">\r\n                            <div class=\"place-name\">\r\n                              <h3>Margit-sziget<\/h3>\r\n                            <\/div>\r\n                          <\/a>\r\n                        <\/figure>\r\n                      <\/div>\r\n                    <\/div>\r\n\r\n\t                                      <!-- places ITEM -->\r\n                      <div class=\"col-lg-6 col-sm-6\">\r\n                        <div class=\"place-item\">\r\n                        <figure class=\"gradient-overlay zoom-hover\">\r\n                          <a href=\"https:\/\/gartnerhotel.hu\/hu\/places\/gellert-hill\/\">\r\n                            <img decoding=\"async\" src=\"https:\/\/gartnerhotel.hu\/wp-content\/uploads\/2018\/04\/budapest-gellert-hegy-szent-gellert-emlekmu-vizeses1-csodalatosmagyarorszag-720x301.jpg\" class=\"img-responsive\">\r\n                            <div class=\"place-name\">\r\n                              <h3>Gell\u00e9rthegy<\/h3>\r\n                            <\/div>\r\n                          <\/a>\r\n                        <\/figure>\r\n                      <\/div>\r\n                    <\/div>\r\n\r\n\t                                      <!-- places ITEM -->\r\n                      <div class=\"col-lg-6 col-sm-6\">\r\n                        <div class=\"place-item\">\r\n                        <figure class=\"gradient-overlay zoom-hover\">\r\n                          <a href=\"https:\/\/gartnerhotel.hu\/hu\/places\/buda-castle\/\">\r\n                            <img decoding=\"async\" src=\"https:\/\/gartnerhotel.hu\/wp-content\/uploads\/2018\/04\/buda-castle-district-_-castle-district-1-720x300.jpg\" class=\"img-responsive\">\r\n                            <div class=\"place-name\">\r\n                              <h3>Budai v\u00e1r<\/h3>\r\n                            <\/div>\r\n                          <\/a>\r\n                        <\/figure>\r\n                      <\/div>\r\n                    <\/div>\r\n\r\n\t                                      <!-- places ITEM -->\r\n                      <div class=\"col-lg-6 col-sm-6\">\r\n                        <div class=\"place-item\">\r\n                        <figure class=\"gradient-overlay zoom-hover\">\r\n                          <a href=\"https:\/\/gartnerhotel.hu\/hu\/places\/heroes-square\/\">\r\n                            <img decoding=\"async\" src=\"https:\/\/gartnerhotel.hu\/wp-content\/uploads\/2022\/10\/7429-720x300.png\" class=\"img-responsive\">\r\n                            <div class=\"place-name\">\r\n                              <h3>H\u0151s\u00f6k tere<\/h3>\r\n                            <\/div>\r\n                          <\/a>\r\n                        <\/figure>\r\n                      <\/div>\r\n                    <\/div>\r\n\r\n\t                                      <!-- places ITEM -->\r\n                      <div class=\"col-lg-6 col-sm-6\">\r\n                        <div class=\"place-item\">\r\n                        <figure class=\"gradient-overlay zoom-hover\">\r\n                          <a href=\"https:\/\/gartnerhotel.hu\/hu\/places\/vajdahunyad-castle\/\">\r\n                            <img decoding=\"async\" src=\"https:\/\/gartnerhotel.hu\/wp-content\/uploads\/2022\/10\/vajdahunyad-vara-budapest-varosliget-latnivalo-csodalatosmagyarorszag-720x300.png\" class=\"img-responsive\">\r\n                            <div class=\"place-name\">\r\n                              <h3>Vajdahunyad v\u00e1ra<\/h3>\r\n                            <\/div>\r\n                          <\/a>\r\n                        <\/figure>\r\n                      <\/div>\r\n                    <\/div>\r\n\r\n\t                                      <!-- places ITEM -->\r\n                      <div class=\"col-lg-6 col-sm-6\">\r\n                        <div class=\"place-item\">\r\n                        <figure class=\"gradient-overlay zoom-hover\">\r\n                          <a href=\"https:\/\/gartnerhotel.hu\/hu\/places\/danube-boat-tour\/\">\r\n                            <img decoding=\"async\" src=\"https:\/\/gartnerhotel.hu\/wp-content\/uploads\/2022\/10\/5dce2e10f60bbb5b4bac7eb65a8c3abe-budapest-river-cruise-720x300.png\" class=\"img-responsive\">\r\n                            <div class=\"place-name\">\r\n                              <h3>S\u00e9tahaj\u00f3z\u00e1s a Dun\u00e1n<\/h3>\r\n                            <\/div>\r\n                          <\/a>\r\n                        <\/figure>\r\n                      <\/div>\r\n                    <\/div>\r\n\r\n\t                \t                            <\/div>\r\n\r\n        <\/div><\/div><\/div><\/div>\n<\/section>","protected":false},"excerpt":{"rendered":"Budapest is breathtakingly beautiful, kept in perfect balance by the Danube as it divides the city\u2019s divergent sides. A delightful way to discover Budapest\u2019s dazzling landmarks that line both banks is to take a leisurely river cruise, slowly soaking in the views of magnificent monuments. Silverline\u2019s freshly refurbished boat takes passengers on scenic cruises several [...]","protected":false},"author":1,"featured_media":0,"parent":0,"menu_order":0,"comment_status":"closed","ping_status":"closed","template":"","meta":{"footnotes":""},"class_list":["post-361","page","type-page","status-publish","hentry"],"_links":{"self":[{"href":"https:\/\/gartnerhotel.hu\/hu\/wp-json\/wp\/v2\/pages\/361","targetHints":{"allow":["GET"]}}],"collection":[{"href":"https:\/\/gartnerhotel.hu\/hu\/wp-json\/wp\/v2\/pages"}],"about":[{"href":"https:\/\/gartnerhotel.hu\/hu\/wp-json\/wp\/v2\/types\/page"}],"author":[{"embeddable":true,"href":"https:\/\/gartnerhotel.hu\/hu\/wp-json\/wp\/v2\/users\/1"}],"replies":[{"embeddable":true,"href":"https:\/\/gartnerhotel.hu\/hu\/wp-json\/wp\/v2\/comments?post=361"}],"version-history":[{"count":2,"href":"https:\/\/gartnerhotel.hu\/hu\/wp-json\/wp\/v2\/pages\/361\/revisions"}],"predecessor-version":[{"id":2476,"href":"https:\/\/gartnerhotel.hu\/hu\/wp-json\/wp\/v2\/pages\/361\/revisions\/2476"}],"wp:attachment":[{"href":"https:\/\/gartnerhotel.hu\/hu\/wp-json\/wp\/v2\/media?parent=361"}],"curies":[{"name":"wp","href":"https:\/\/api.w.org\/{rel}","templated":true}]}}